{"id":108,"date":"2025-08-12T14:22:57","date_gmt":"2025-08-12T17:22:57","guid":{"rendered":"https:\/\/depositosilvaelima.com.br\/?post_type=product&#038;p=108"},"modified":"2026-04-27T14:40:18","modified_gmt":"2026-04-27T17:40:18","slug":"tijolo-furado-12-furos","status":"publish","type":"product","link":"https:\/\/depositosilvaelima.com.br\/index.php\/produto\/tijolo-furado-12-furos\/","title":{"rendered":"TIJOLO CER\u00c2MICO 14"},"content":{"rendered":"<div data-fixed=\"false\" aria-hidden=\"true\" id=\"tab-description\" class=\"product-tabs__content\">\n<div class=\"board\">\n<p align=\"justify\">O tijolo \u00e9 um produto cer\u00e2mico, amplamente usado na constru\u00e7\u00e3o civil, artesanal ou industrial e um dos principais materiais da obra.<\/p>\n<p align=\"justify\">Indica\u00e7\u00f5es de uso: Os tijolos s\u00e3o pe\u00e7as de barro cozido usados na alvenaria. S\u00e3o produzidos em todas as regi\u00f5es do pa\u00eds e devem ser leves, resistentes e de f\u00e1cil manejo. S\u00e3o aplicados nos edif\u00edcios para a constru\u00e7\u00e3o de paredes divis\u00f3rias e fachadas, representando cerca de 15 % do valor total da constru\u00e7\u00e3o. Nas pequenas obras funcionam como elemento de sustenta\u00e7\u00e3o do teto e cobertura<\/p>\n<p align=\"justify\">Dimens\u00f5es: 14 cm de largura, 19 cm de altura e 29 cm de comprimento aprox.<\/p>\n<p align=\"justify\">Entrega: Entregamos em toda regi\u00e3o<\/p>\n<\/div>\n<\/div>\n","protected":false},"excerpt":{"rendered":"<p>O tijolo \u00e9 um produto cer\u00e2mico, amplamente usado na constru\u00e7\u00e3o civil, artesanal ou industrial e um dos principais materiais da obra. Indica\u00e7\u00f5es de uso: Os tijolos s\u00e3o pe\u00e7as de barro cozido usados na alvenaria. S\u00e3o produzidos em todas as regi\u00f5es do pa\u00eds e devem ser leves, resistentes e de f\u00e1cil [&hellip;]<\/p>\n","protected":false},"featured_media":109,"comment_status":"open","ping_status":"closed","template":"","meta":{"_joinchat":[]},"product_brand":[],"product_cat":[16,17],"product_tag":[29,21,26,19,28,20,24,22,25,23,27,18],"class_list":{"0":"post-108","1":"product","2":"type-product","3":"status-publish","4":"has-post-thumbnail","6":"product_cat-sem-categoria","7":"product_cat-material-de-construcao","8":"product_tag-14cm-x-19cm-x-29cm","9":"product_tag-alvenaria","10":"product_tag-barro","11":"product_tag-ceramica","12":"product_tag-construcao","13":"product_tag-construcao-civil","14":"product_tag-fachada","15":"product_tag-material-de-construcao","16":"product_tag-obra","17":"product_tag-parede","18":"product_tag-sustentacao","19":"product_tag-tijolo","20":"product_shipping_class-entreg-alocal","22":"first","23":"instock","24":"taxable","25":"shipping-taxable","26":"product-type-simple"},"_links":{"self":[{"href":"https:\/\/depositosilvaelima.com.br\/index.php\/wp-json\/wp\/v2\/product\/108","targetHints":{"allow":["GET"]}}],"collection":[{"href":"https:\/\/depositosilvaelima.com.br\/index.php\/wp-json\/wp\/v2\/product"}],"about":[{"href":"https:\/\/depositosilvaelima.com.br\/index.php\/wp-json\/wp\/v2\/types\/product"}],"replies":[{"embeddable":true,"href":"https:\/\/depositosilvaelima.com.br\/index.php\/wp-json\/wp\/v2\/comments?post=108"}],"wp:featuredmedia":[{"embeddable":true,"href":"https:\/\/depositosilvaelima.com.br\/index.php\/wp-json\/wp\/v2\/media\/109"}],"wp:attachment":[{"href":"https:\/\/depositosilvaelima.com.br\/index.php\/wp-json\/wp\/v2\/media?parent=108"}],"wp:term":[{"taxonomy":"product_brand","embeddable":true,"href":"https:\/\/depositosilvaelima.com.br\/index.php\/wp-json\/wp\/v2\/product_brand?post=108"},{"taxonomy":"product_cat","embeddable":true,"href":"https:\/\/depositosilvaelima.com.br\/index.php\/wp-json\/wp\/v2\/product_cat?post=108"},{"taxonomy":"product_tag","embeddable":true,"href":"https:\/\/depositosilvaelima.com.br\/index.php\/wp-json\/wp\/v2\/product_tag?post=108"}],"curies":[{"name":"wp","href":"https:\/\/api.w.org\/{rel}","templated":true}]}}