{"id":113,"date":"2025-08-12T15:08:33","date_gmt":"2025-08-12T18:08:33","guid":{"rendered":"https:\/\/depositosilvaelima.com.br\/?post_type=product&#038;p=113"},"modified":"2026-04-27T14:41:25","modified_gmt":"2026-04-27T17:41:25","slug":"cimento-cp-iv-32-exato-50kg-caue","status":"publish","type":"product","link":"https:\/\/depositosilvaelima.com.br\/index.php\/produto\/cimento-cp-iv-32-exato-50kg-caue\/","title":{"rendered":"Cimento CP II 32 50kg"},"content":{"rendered":"<div class=\"product-sub-title\">Descri\u00e7\u00e3o<\/div>\n<div data-product-description=\"\" data-description=\"&lt;p&gt;O cimento \u00e9 o material principal de uma obra e est\u00e1 presente na execu\u00e7\u00e3o de diversas etapas, por\u00e9m n\u00e3o s\u00e3o todos iguais. Existem deriva\u00e7\u00f5es para que possam atender as principais necessidades de cada etapa da obra.&lt;\/p&gt; \" data-rcl-status=\"success\">\n<div>\n<div class=\"product-description-collapse\">\n<div>\n<p>O cimento \u00e9 o material principal de uma obra e est\u00e1 presente na execu\u00e7\u00e3o de diversas etapas, por\u00e9m n\u00e3o s\u00e3o todos iguais. Existem deriva\u00e7\u00f5es para que possam atender as principais necessidades de cada etapa da obra.<\/p>\n<\/div>\n<\/div>\n<\/div>\n<\/div>\n","protected":false},"excerpt":{"rendered":"<p>Descri\u00e7\u00e3o O cimento \u00e9 o material principal de uma obra e est\u00e1 presente na execu\u00e7\u00e3o de diversas etapas, por\u00e9m n\u00e3o s\u00e3o todos iguais. Existem deriva\u00e7\u00f5es para que possam atender as principais necessidades de cada etapa da obra.<\/p>\n","protected":false},"featured_media":114,"comment_status":"open","ping_status":"closed","template":"","meta":{"_joinchat":[]},"product_brand":[],"product_cat":[17],"product_tag":[35,40,39,38,28,22,25,37],"class_list":{"0":"post-113","1":"product","2":"type-product","3":"status-publish","4":"has-post-thumbnail","6":"product_cat-material-de-construcao","7":"product_tag-cimento","8":"product_tag-cimento-para-argamassa","9":"product_tag-cimento-para-concreto","10":"product_tag-cimento-portland","11":"product_tag-construcao","12":"product_tag-material-de-construcao","13":"product_tag-obra","14":"product_tag-tipos-de-cimento","15":"product_shipping_class-entreg-alocal","17":"first","18":"instock","19":"taxable","20":"shipping-taxable","21":"product-type-simple"},"_links":{"self":[{"href":"https:\/\/depositosilvaelima.com.br\/index.php\/wp-json\/wp\/v2\/product\/113","targetHints":{"allow":["GET"]}}],"collection":[{"href":"https:\/\/depositosilvaelima.com.br\/index.php\/wp-json\/wp\/v2\/product"}],"about":[{"href":"https:\/\/depositosilvaelima.com.br\/index.php\/wp-json\/wp\/v2\/types\/product"}],"replies":[{"embeddable":true,"href":"https:\/\/depositosilvaelima.com.br\/index.php\/wp-json\/wp\/v2\/comments?post=113"}],"wp:featuredmedia":[{"embeddable":true,"href":"https:\/\/depositosilvaelima.com.br\/index.php\/wp-json\/wp\/v2\/media\/114"}],"wp:attachment":[{"href":"https:\/\/depositosilvaelima.com.br\/index.php\/wp-json\/wp\/v2\/media?parent=113"}],"wp:term":[{"taxonomy":"product_brand","embeddable":true,"href":"https:\/\/depositosilvaelima.com.br\/index.php\/wp-json\/wp\/v2\/product_brand?post=113"},{"taxonomy":"product_cat","embeddable":true,"href":"https:\/\/depositosilvaelima.com.br\/index.php\/wp-json\/wp\/v2\/product_cat?post=113"},{"taxonomy":"product_tag","embeddable":true,"href":"https:\/\/depositosilvaelima.com.br\/index.php\/wp-json\/wp\/v2\/product_tag?post=113"}],"curies":[{"name":"wp","href":"https:\/\/api.w.org\/{rel}","templated":true}]}}